{"id":2,"date":"2023-09-08T16:56:14","date_gmt":"2023-09-08T14:56:14","guid":{"rendered":"http:\/\/www.officedusaubestre.notaires.fr\/?page_id=2"},"modified":"2024-10-17T14:28:44","modified_gmt":"2024-10-17T12:28:44","slug":"page-d-exemple","status":"publish","type":"page","link":"https:\/\/www.officedusaubestre.notaires.fr\/","title":{"rendered":""},"content":{"rendered":"\n<p><strong>Ma\u00eetres Chantal BRET-DIBAT et David DUBOSCQ notaires associ\u00e9s \u00e0 ARZACQ et MAZEROLLES. Successeurs de Ma\u00eetre LAMARQUE d&rsquo;ARROUZAT.<\/strong><\/p>\n\n\n\n<p>Depuis 1825, l&rsquo;office notarial vous accompagne dans toutes vos d\u00e9marches juridiques : ventes immobili\u00e8res, donations, successions, droit des affaires, adoptions, protection de la cr\u00e9ation&#8230;<\/p>\n\n\n\n<p>L&rsquo;office notarial est compos\u00e9 de neuf personnes qui s&rsquo;efforceront de r\u00e9pondre au mieux \u00e0 vos attentes, les rendez-vous sont assur\u00e9s par :<\/p>\n\n\n\n<ul class=\"wp-block-list\">\n<li>Ma\u00eetre Chantal BRET-DIBAT<\/li>\n\n\n\n<li>Ma\u00eetre David DUBOSCQ<\/li>\n\n\n\n<li>Ma\u00eetre Anne-Laure GILARDIN<\/li>\n<\/ul>\n\n\n\n<p>Nous vous accueillons dans nos locaux sur rendez-vous \u00e0 votre convenance. Si vous ne souhaitez pas vous d\u00e9placer l&rsquo;Office notarial est \u00e9galement \u00e9quip\u00e9 de la visioconf\u00e9rence, de la signature \u00e9lectronique et des procurations \u00e0 distance. <\/p>\n\n\n<pre class=\"ti-widget\" style=\"display: none\"><div class=\"ti-widget ti-goog ti-review-text-mode-readmore ti-text-align-left\" data-no-translation=\"true\" data-layout-id=\"4\" data-set-id=\"light-background\" data-pid=\"\" data-language=\"fr\" data-version=\"2\" data-review-target-width=\"300\" data-review-text-mode=\"readmore\" data-pager-autoplay-timeout=\"6\" > <div class=\"ti-widget-container ti-col-3\"> <div class=\"ti-reviews-container\"> <div class=\"ti-controls\"> <div class=\"ti-next\" aria-label=\"Avis suivante\" role=\"button\"><\/div> <div class=\"ti-prev\" aria-label=\"Avis pr\u00e9c\u00e9dent\" role=\"button\"><\/div> <\/div> <div class=\"ti-reviews-container-wrapper\">  <div data-empty=\"0\" class=\"ti-review-item source-Google ti-image-layout-thumbnail\" data-id=\"cfcd208495d565ef66e7dff9f98764da\" > <div class=\"ti-inner\"> <div class=\"ti-review-header\"> <div class=\"ti-profile-img\"> <img decoding=\"async\" src=\"https:\/\/lh3.googleusercontent.com\/a-\/ALV-UjUX2EXuQlqfqQLHZ1VE_XulQsBczA5LlpaFlS4sX29nVJEEduT9=w40-h40-c-rp-mo-br100\" srcset=\"https:\/\/lh3.googleusercontent.com\/a-\/ALV-UjUX2EXuQlqfqQLHZ1VE_XulQsBczA5LlpaFlS4sX29nVJEEduT9=w80-h80-c-rp-mo-br100 2x\" alt=\"Laurent Dornel\" loading=\"lazy\" \/> <\/div> <div class=\"ti-profile-details\"> <div class=\"ti-name\"> Laurent Dornel <\/div> <div class=\"ti-date\">2024-10-10<\/div> <\/div> <\/div> <span class=\"ti-stars\"><span class=\"ti-star f\"><\/span><span class=\"ti-star f\"><\/span><span class=\"ti-star f\"><\/span><span class=\"ti-star f\"><\/span><span class=\"ti-star f\"><\/span><\/span> <div class=\"ti-review-text-container ti-review-content\"><!-- R-CONTENT -->excellents accueil et conseils !<!-- R-CONTENT --><\/div> <span class=\"ti-read-more\" data-container=\".ti-review-content\" data-collapse-text=\"Cacher\" data-open-text=\"Lire la suite\" ><\/span> <\/div> <\/div>  <div data-empty=\"0\" class=\"ti-review-item source-Google ti-image-layout-thumbnail\" data-id=\"cfcd208495d565ef66e7dff9f98764da\" > <div class=\"ti-inner\"> <div class=\"ti-review-header\"> <div class=\"ti-profile-img\"> <img decoding=\"async\" src=\"https:\/\/lh3.googleusercontent.com\/a-\/ALV-UjV2FL18v50QEQ7IqTykMTBWeaHn5PTh9sYs65H4KDkunOE5eafw=w40-h40-c-rp-mo-br100\" srcset=\"https:\/\/lh3.googleusercontent.com\/a-\/ALV-UjV2FL18v50QEQ7IqTykMTBWeaHn5PTh9sYs65H4KDkunOE5eafw=w80-h80-c-rp-mo-br100 2x\" alt=\"Jacques Marty\" loading=\"lazy\" \/> <\/div> <div class=\"ti-profile-details\"> <div class=\"ti-name\"> Jacques Marty <\/div> <div class=\"ti-date\">2024-07-29<\/div> <\/div> <\/div> <span class=\"ti-stars\"><span class=\"ti-star f\"><\/span><span class=\"ti-star f\"><\/span><span class=\"ti-star f\"><\/span><span class=\"ti-star f\"><\/span><span class=\"ti-star f\"><\/span><\/span> <div class=\"ti-review-text-container ti-review-content\"><!-- R-CONTENT -->S\u00e9rieux, rigueur et communication agr\u00e9able. Bonne \u00e9coute. Conseils pertinents et r\u00e9alistes. Cherche la solution la plus avantageuse pour nous. Sait d\u00e9fendre nos int\u00e9r\u00eats dans une transaction d\u00e9licate. Je recommande.<!-- R-CONTENT --><\/div> <span class=\"ti-read-more\" data-container=\".ti-review-content\" data-collapse-text=\"Cacher\" data-open-text=\"Lire la suite\" ><\/span> <\/div> <\/div>  <div data-empty=\"0\" class=\"ti-review-item source-Google ti-image-layout-thumbnail\" data-id=\"cfcd208495d565ef66e7dff9f98764da\" > <div class=\"ti-inner\"> <div class=\"ti-review-header\"> <div class=\"ti-profile-img\"> <img decoding=\"async\" src=\"https:\/\/lh3.googleusercontent.com\/a\/ACg8ocJBUrqPRDLXbxCT1mQruUgvnuQz-9Qmpmmaa64iflOWhk66dg=w40-h40-c-rp-mo-br100\" srcset=\"https:\/\/lh3.googleusercontent.com\/a\/ACg8ocJBUrqPRDLXbxCT1mQruUgvnuQz-9Qmpmmaa64iflOWhk66dg=w80-h80-c-rp-mo-br100 2x\" alt=\"JN Nadau\" loading=\"lazy\" \/> <\/div> <div class=\"ti-profile-details\"> <div class=\"ti-name\"> JN Nadau <\/div> <div class=\"ti-date\">2024-04-08<\/div> <\/div> <\/div> <span class=\"ti-stars\"><span class=\"ti-star f\"><\/span><span class=\"ti-star f\"><\/span><span class=\"ti-star f\"><\/span><span class=\"ti-star f\"><\/span><span class=\"ti-star f\"><\/span><\/span> <div class=\"ti-review-text-container ti-review-content\"><!-- R-CONTENT -->Rendez-vous efficace, conseils utiles et d\u00e9lai rapide<!-- R-CONTENT --><\/div> <span class=\"ti-read-more\" data-container=\".ti-review-content\" data-collapse-text=\"Cacher\" data-open-text=\"Lire la suite\" ><\/span> <\/div> <\/div>  <div data-empty=\"0\" class=\"ti-review-item source-Google ti-image-layout-thumbnail\" data-id=\"cfcd208495d565ef66e7dff9f98764da\" > <div class=\"ti-inner\"> <div class=\"ti-review-header\"> <div class=\"ti-profile-img\"> <img decoding=\"async\" src=\"https:\/\/lh3.googleusercontent.com\/a\/ACg8ocKwkeTObYYZKSB-OABbs_gp-4W0bkDdoNMNfH7vGEOBSRP8=w40-h40-c-rp-mo-br100\" srcset=\"https:\/\/lh3.googleusercontent.com\/a\/ACg8ocKwkeTObYYZKSB-OABbs_gp-4W0bkDdoNMNfH7vGEOBSRP8=w80-h80-c-rp-mo-br100 2x\" alt=\"Evelyne CABARRY\" loading=\"lazy\" \/> <\/div> <div class=\"ti-profile-details\"> <div class=\"ti-name\"> Evelyne CABARRY <\/div> <div class=\"ti-date\">2024-03-20<\/div> <\/div> <\/div> <span class=\"ti-stars\"><span class=\"ti-star f\"><\/span><span class=\"ti-star f\"><\/span><span class=\"ti-star f\"><\/span><span class=\"ti-star f\"><\/span><span class=\"ti-star f\"><\/span><\/span> <div class=\"ti-review-text-container ti-review-content\"><!-- R-CONTENT -->Efficacit\u00e9 et comp\u00e9tences. Bonne \u00e9coute et communication agr\u00e9able.<!-- R-CONTENT --><\/div> <span class=\"ti-read-more\" data-container=\".ti-review-content\" data-collapse-text=\"Cacher\" data-open-text=\"Lire la suite\" ><\/span> <\/div> <\/div>  <\/div> <div class=\"ti-controls-line\"> <div class=\"dot\"><\/div> <\/div> <\/div>   <\/div> <\/div> <\/pre>\n\n\n\n<div class=\"wp-block-group alignfull has-ast-global-color-1-background-color has-background is-layout-constrained wp-container-core-group-is-layout-7db9d80f wp-block-group-is-layout-constrained\" style=\"padding-right:0;padding-left:0\">\n<div class=\"wp-block-columns alignwide are-vertically-aligned-bottom is-layout-flex wp-container-core-columns-is-layout-28f84493 wp-block-columns-is-layout-flex\">\n<div class=\"wp-block-column is-vertically-aligned-bottom is-layout-flow wp-block-column-is-layout-flow\">\n<h2 class=\"wp-block-heading has-text-color\" style=\"color:#ffffff;margin-top:0;margin-right:var(--wp--preset--spacing--20);margin-bottom:0;margin-left:var(--wp--preset--spacing--20)\">Contact<\/h2>\n\n\n\n<p class=\"has-text-color\" style=\"color:#d7d7d7;margin-right:var(--wp--preset--spacing--20);margin-left:var(--wp--preset--spacing--20)\"> Office notarial<\/p>\n\n\n\n<p class=\"has-text-color\" style=\"color:#d7d7d7;margin-right:var(--wp--preset--spacing--20);margin-left:var(--wp--preset--spacing--20)\">BRET-DIBAT Chantal et DUBOSCQ David<\/p>\n\n\n\n<h3 class=\"wp-block-heading has-ast-global-color-5-color has-text-color\" style=\"margin-right:var(--wp--preset--spacing--20);margin-left:var(--wp--preset--spacing--20)\">Adresse principale<\/h3>\n\n\n\n<p class=\"has-ast-global-color-5-color has-text-color\" style=\"margin-right:var(--wp--preset--spacing--20);margin-left:var(--wp--preset--spacing--20)\">4 rue de l&rsquo;Eglise<br>64410 &nbsp;Arzacq-Arraziguet<br>T\u00e9l :&nbsp;<a href=\"tel:0559045120\">0559045120<\/a><br>Mail :&nbsp;<a href=\"mailto:scpdusaubestre@notaires.fr\">scpdusaubestre@notaires.fr<\/a><\/p>\n\n\n\n<h3 class=\"wp-block-heading has-ast-global-color-5-color has-text-color\" style=\"margin-right:var(--wp--preset--spacing--20);margin-left:var(--wp--preset--spacing--20)\">Horaires et acc\u00e8s<\/h3>\n\n\n\n<p class=\"has-ast-global-color-5-color has-text-color\" style=\"margin-right:var(--wp--preset--spacing--20);margin-left:var(--wp--preset--spacing--20)\">Du mardi au vendredi de 9h00 \u00e0 12h30 et de 13h30 \u00e0 18h00<\/p>\n\n\n\n<p class=\"has-ast-global-color-5-color has-text-color\" style=\"margin-right:var(--wp--preset--spacing--20);margin-left:var(--wp--preset--spacing--20)\">Le samedi de 9h00 \u00e0 12h00<\/p>\n\n\n\n<figure class=\"wp-block-image\"><a href=\"https:\/\/commons.wikimedia.org\/wiki\/File:Arzacq.jpg\"><img decoding=\"async\" src=\"https:\/\/upload.wikimedia.org\/wikipedia\/commons\/thumb\/e\/e0\/Arzacq.jpg\/512px-Arzacq.jpg\" alt=\"Arzacq\"\/><\/a><\/figure>\n<\/div>\n\n\n\n<div class=\"wp-block-column is-vertically-aligned-bottom is-layout-flow wp-block-column-is-layout-flow\">\n<h2 class=\"wp-block-heading has-ast-global-color-5-color has-text-color\">Bureau annexe<\/h2>\n\n\n\n<p class=\"has-ast-global-color-5-color has-text-color\">14 rue de la Carr\u00e8re<br>64230 &nbsp;MAZEROLLES<br><a href=\"https:\/\/prismeoffice.adnov.fr\/bon\/preview\/44783\/mailto=\"><\/a><\/p>\n\n\n\n<h3 class=\"wp-block-heading has-ast-global-color-5-color has-text-color\">Horaires et acc\u00e8s<\/h3>\n\n\n\n<p class=\"has-ast-global-color-5-color has-text-color\">Du mercredi au vendredi de 14h30 \u00e0 18h00 sur rendez-vous <\/p>\n\n\n\n<p class=\"has-ast-global-color-5-color has-text-color\">Le mercredi matin de 9h00 \u00e0 12h00 sans rendez-vous<\/p>\n\n\n\n<p><\/p>\n\n\n\n<p><\/p>\n\n\n\n<p><\/p>\n\n\n\n<p><\/p>\n\n\n\n<p><\/p>\n\n\n\n<p><\/p>\n\n\n\n<p><\/p>\n\n\n\n<p><\/p>\n\n\n\n<p><\/p>\n\n\n\n<p><\/p>\n<\/div>\n\n\n\n<div class=\"wp-block-column is-vertically-aligned-bottom is-layout-flow wp-block-column-is-layout-flow\">\n<iframe src=\"https:\/\/www.google.com\/maps\/embed?pb=!1m10!1m8!1m3!1d496.7466318458421!2d-0.4129255311264697!3d43.53646950866987!3m2!1i1024!2i768!4f13.1!5e0!3m2!1sfr!2sfr!4v1700844768847!5m2!1sfr!2sfr\" width=\"400\" height=\"300\" style=\"border:0;\" allowfullscreen=\"\" loading=\"lazy\" referrerpolicy=\"no-referrer-when-downgrade\"><\/iframe>\n<\/div>\n<\/div>\n<\/div>\n","protected":false},"excerpt":{"rendered":"<p>Ma\u00eetres Chantal BRET-DIBAT et David DUBOSCQ notaires associ\u00e9s \u00e0 ARZACQ et MAZEROLLES. Successeurs de Ma\u00eetre LAMARQUE d&rsquo;ARROUZAT. Depuis 1825, l&rsquo;office notarial vous accompagne dans toutes vos d\u00e9marches juridiques : ventes immobili\u00e8res, donations, successions, droit des affaires, adoptions, protection de la cr\u00e9ation&#8230; L&rsquo;office notarial est compos\u00e9 de neuf personnes qui s&rsquo;efforceront de r\u00e9pondre au mieux \u00e0 &hellip;<\/p>\n<p class=\"read-more\"> <a class=\"\" href=\"https:\/\/www.officedusaubestre.notaires.fr\/\">  Lire la suite\u00a0\u00bb<\/a><\/p>\n","protected":false},"author":1,"featured_media":0,"parent":0,"menu_order":0,"comment_status":"closed","ping_status":"open","template":"","meta":{"_uag_custom_page_level_css":"","site-sidebar-layout":"default","site-content-layout":"","ast-site-content-layout":"","site-content-style":"default","site-sidebar-style":"default","ast-global-header-display":"","ast-banner-title-visibility":"","ast-main-header-display":"","ast-hfb-above-header-display":"","ast-hfb-below-header-display":"","ast-hfb-mobile-header-display":"","site-post-title":"","ast-breadcrumbs-content":"","ast-featured-img":"","footer-sml-layout":"","theme-transparent-header-meta":"","adv-header-id-meta":"","stick-header-meta":"","header-above-stick-meta":"","header-main-stick-meta":"","header-below-stick-meta":"","astra-migrate-meta-layouts":"","footnotes":""},"class_list":["post-2","page","type-page","status-publish","hentry"],"uagb_featured_image_src":{"full":false,"thumbnail":false,"medium":false,"medium_large":false,"large":false,"1536x1536":false,"2048x2048":false},"uagb_author_info":{"display_name":"admin4551","author_link":"https:\/\/www.officedusaubestre.notaires.fr\/index.php\/author\/admin4551\/"},"uagb_comment_info":0,"uagb_excerpt":"Ma\u00eetres Chantal BRET-DIBAT et David DUBOSCQ notaires associ\u00e9s \u00e0 ARZACQ et MAZEROLLES. Successeurs de Ma\u00eetre LAMARQUE d&rsquo;ARROUZAT. Depuis 1825, l&rsquo;office notarial vous accompagne dans toutes vos d\u00e9marches juridiques : ventes immobili\u00e8res, donations, successions, droit des affaires, adoptions, protection de la cr\u00e9ation&#8230; L&rsquo;office notarial est compos\u00e9 de neuf personnes qui s&rsquo;efforceront de r\u00e9pondre au mieux \u00e0\u2026","_links":{"self":[{"href":"https:\/\/www.officedusaubestre.notaires.fr\/index.php\/wp-json\/wp\/v2\/pages\/2","targetHints":{"allow":["GET"]}}],"collection":[{"href":"https:\/\/www.officedusaubestre.notaires.fr\/index.php\/wp-json\/wp\/v2\/pages"}],"about":[{"href":"https:\/\/www.officedusaubestre.notaires.fr\/index.php\/wp-json\/wp\/v2\/types\/page"}],"author":[{"embeddable":true,"href":"https:\/\/www.officedusaubestre.notaires.fr\/index.php\/wp-json\/wp\/v2\/users\/1"}],"replies":[{"embeddable":true,"href":"https:\/\/www.officedusaubestre.notaires.fr\/index.php\/wp-json\/wp\/v2\/comments?post=2"}],"version-history":[{"count":15,"href":"https:\/\/www.officedusaubestre.notaires.fr\/index.php\/wp-json\/wp\/v2\/pages\/2\/revisions"}],"predecessor-version":[{"id":112,"href":"https:\/\/www.officedusaubestre.notaires.fr\/index.php\/wp-json\/wp\/v2\/pages\/2\/revisions\/112"}],"wp:attachment":[{"href":"https:\/\/www.officedusaubestre.notaires.fr\/index.php\/wp-json\/wp\/v2\/media?parent=2"}],"curies":[{"name":"wp","href":"https:\/\/api.w.org\/{rel}","templated":true}]}}