{"id":71,"date":"2023-09-12T18:51:22","date_gmt":"2023-09-12T16:51:22","guid":{"rendered":"https:\/\/www.officedusaubestre.notaires.fr\/?page_id=71"},"modified":"2024-10-17T12:00:54","modified_gmt":"2024-10-17T10:00:54","slug":"droit-des-affaires","status":"publish","type":"page","link":"https:\/\/www.officedusaubestre.notaires.fr\/index.php\/droit-des-affaires\/","title":{"rendered":"Droit des affaires"},"content":{"rendered":"\n<p>Nous avons \u00e0 c\u0153ur d&rsquo;accompagner nos clients dans tous leurs projets d&rsquo;entreprise:<\/p>\n\n\n\n<ul class=\"wp-block-list\">\n<li>Statuts de soci\u00e9t\u00e9s<\/li>\n\n\n\n<li>Cession de fonds de commerce<\/li>\n\n\n\n<li>Transmission d&rsquo;entreprise<\/li>\n<\/ul>\n\n\n\n<p><\/p>\n\n\n\n<div class=\"wp-block-group alignfull has-ast-global-color-1-background-color has-background is-layout-constrained wp-container-core-group-is-layout-7db9d80f wp-block-group-is-layout-constrained\" style=\"padding-right:0;padding-left:0\">\n<div class=\"wp-block-columns alignwide are-vertically-aligned-bottom is-layout-flex wp-container-core-columns-is-layout-28f84493 wp-block-columns-is-layout-flex\">\n<div class=\"wp-block-column is-vertically-aligned-bottom is-layout-flow wp-block-column-is-layout-flow\">\n<h2 class=\"wp-block-heading has-text-color\" style=\"color:#ffffff;margin-top:0;margin-right:var(--wp--preset--spacing--20);margin-bottom:0;margin-left:var(--wp--preset--spacing--20)\">Contact<\/h2>\n\n\n\n<p class=\"has-text-color\" style=\"color:#d7d7d7;margin-right:var(--wp--preset--spacing--20);margin-left:var(--wp--preset--spacing--20)\"> Office notarial<\/p>\n\n\n\n<p class=\"has-text-color\" style=\"color:#d7d7d7;margin-right:var(--wp--preset--spacing--20);margin-left:var(--wp--preset--spacing--20)\">BRET-DIBAT Chantal et DUBOSCQ David<\/p>\n\n\n\n<h3 class=\"wp-block-heading has-ast-global-color-5-color has-text-color\" style=\"margin-right:var(--wp--preset--spacing--20);margin-left:var(--wp--preset--spacing--20)\">Adresse principale<\/h3>\n\n\n\n<p class=\"has-ast-global-color-5-color has-text-color\" style=\"margin-right:var(--wp--preset--spacing--20);margin-left:var(--wp--preset--spacing--20)\">4 rue de l&rsquo;Eglise<br>64410 &nbsp;Arzacq-Arraziguet<br>T\u00e9l :&nbsp;<a href=\"tel:0559045120\">0559045120<\/a><br>Mail :&nbsp;<a href=\"mailto:scpdusaubestre@notaires.fr\">scpdusaubestre@notaires.fr<\/a><\/p>\n\n\n\n<h3 class=\"wp-block-heading has-ast-global-color-5-color has-text-color\" style=\"margin-right:var(--wp--preset--spacing--20);margin-left:var(--wp--preset--spacing--20)\">Horaires et acc\u00e8s<\/h3>\n\n\n\n<p class=\"has-ast-global-color-5-color has-text-color\" style=\"margin-right:var(--wp--preset--spacing--20);margin-left:var(--wp--preset--spacing--20)\">Du mardi au vendredi de 9h00 \u00e0 12h30 et de 13h30 \u00e0 18h00<\/p>\n\n\n\n<p class=\"has-ast-global-color-5-color has-text-color\" style=\"margin-right:var(--wp--preset--spacing--20);margin-left:var(--wp--preset--spacing--20)\">Le samedi de 9h00 \u00e0 12h00<\/p>\n\n\n\n<figure class=\"wp-block-image\"><a href=\"https:\/\/commons.wikimedia.org\/wiki\/File:Arzacq.jpg\"><img decoding=\"async\" src=\"https:\/\/upload.wikimedia.org\/wikipedia\/commons\/thumb\/e\/e0\/Arzacq.jpg\/512px-Arzacq.jpg\" alt=\"Arzacq\"\/><\/a><\/figure>\n<\/div>\n\n\n\n<div class=\"wp-block-column is-vertically-aligned-bottom is-layout-flow wp-block-column-is-layout-flow\">\n<h2 class=\"wp-block-heading has-ast-global-color-5-color has-text-color\">Bureau annexe<\/h2>\n\n\n\n<p class=\"has-ast-global-color-5-color has-text-color\">14 rue de la Carr\u00e8re<br>64230 &nbsp;MAZEROLLES<br><a href=\"https:\/\/prismeoffice.adnov.fr\/bon\/preview\/44783\/mailto=\"><\/a><\/p>\n\n\n\n<h3 class=\"wp-block-heading has-ast-global-color-5-color has-text-color\">Horaires et acc\u00e8s<\/h3>\n\n\n\n<p class=\"has-ast-global-color-5-color has-text-color\">Du mercredi au vendredi de 14h30 \u00e0 18h00 sur rendez-vous <\/p>\n\n\n\n<p class=\"has-ast-global-color-5-color has-text-color\">Le mercredi matin de 9h00 \u00e0 12h00 sans rendez-vous<\/p>\n\n\n\n<p><\/p>\n\n\n\n<p><\/p>\n\n\n\n<p><\/p>\n\n\n\n<p><\/p>\n\n\n\n<p><\/p>\n\n\n\n<p><\/p>\n\n\n\n<p><\/p>\n\n\n\n<p><\/p>\n\n\n\n<p><\/p>\n\n\n\n<p><\/p>\n<\/div>\n\n\n\n<div class=\"wp-block-column is-vertically-aligned-bottom is-layout-flow wp-block-column-is-layout-flow\">\n<iframe src=\"https:\/\/www.google.com\/maps\/embed?pb=!1m10!1m8!1m3!1d496.7466318458421!2d-0.4129255311264697!3d43.53646950866987!3m2!1i1024!2i768!4f13.1!5e0!3m2!1sfr!2sfr!4v1700844768847!5m2!1sfr!2sfr\" width=\"400\" height=\"300\" style=\"border:0;\" allowfullscreen=\"\" loading=\"lazy\" referrerpolicy=\"no-referrer-when-downgrade\"><\/iframe>\n<\/div>\n<\/div>\n<\/div>\n","protected":false},"excerpt":{"rendered":"<p>Nous avons \u00e0 c\u0153ur d&rsquo;accompagner nos clients dans tous leurs projets d&rsquo;entreprise: Contact Office notarial BRET-DIBAT Chantal et DUBOSCQ David Adresse principale 4 rue de l&rsquo;Eglise64410 &nbsp;Arzacq-ArraziguetT\u00e9l :&nbsp;0559045120Mail :&nbsp;scpdusaubestre@notaires.fr Horaires et acc\u00e8s Du mardi au vendredi de 9h00 \u00e0 12h30 et de 13h30 \u00e0 18h00 Le samedi de 9h00 \u00e0 12h00 Bureau annexe 14 rue &hellip;<\/p>\n<p class=\"read-more\"> <a class=\"\" href=\"https:\/\/www.officedusaubestre.notaires.fr\/index.php\/droit-des-affaires\/\"> <span class=\"screen-reader-text\">Droit des affaires<\/span> Lire la suite\u00a0\u00bb<\/a><\/p>\n","protected":false},"author":1,"featured_media":0,"parent":0,"menu_order":0,"comment_status":"closed","ping_status":"closed","template":"","meta":{"_uag_custom_page_level_css":"","site-sidebar-layout":"default","site-content-layout":"","ast-site-content-layout":"","site-content-style":"default","site-sidebar-style":"default","ast-global-header-display":"","ast-banner-title-visibility":"","ast-main-header-display":"","ast-hfb-above-header-display":"","ast-hfb-below-header-display":"","ast-hfb-mobile-header-display":"","site-post-title":"","ast-breadcrumbs-content":"","ast-featured-img":"","footer-sml-layout":"","theme-transparent-header-meta":"","adv-header-id-meta":"","stick-header-meta":"","header-above-stick-meta":"","header-main-stick-meta":"","header-below-stick-meta":"","astra-migrate-meta-layouts":"","footnotes":""},"class_list":["post-71","page","type-page","status-publish","hentry"],"uagb_featured_image_src":{"full":false,"thumbnail":false,"medium":false,"medium_large":false,"large":false,"1536x1536":false,"2048x2048":false},"uagb_author_info":{"display_name":"admin4551","author_link":"https:\/\/www.officedusaubestre.notaires.fr\/index.php\/author\/admin4551\/"},"uagb_comment_info":0,"uagb_excerpt":"Nous avons \u00e0 c\u0153ur d&rsquo;accompagner nos clients dans tous leurs projets d&rsquo;entreprise: Contact Office notarial BRET-DIBAT Chantal et DUBOSCQ David Adresse principale 4 rue de l&rsquo;Eglise64410 &nbsp;Arzacq-ArraziguetT\u00e9l :&nbsp;0559045120Mail :&nbsp;scpdusaubestre@notaires.fr Horaires et acc\u00e8s Du mardi au vendredi de 9h00 \u00e0 12h30 et de 13h30 \u00e0 18h00 Le samedi de 9h00 \u00e0 12h00 Bureau annexe 14 rue\u2026","_links":{"self":[{"href":"https:\/\/www.officedusaubestre.notaires.fr\/index.php\/wp-json\/wp\/v2\/pages\/71","targetHints":{"allow":["GET"]}}],"collection":[{"href":"https:\/\/www.officedusaubestre.notaires.fr\/index.php\/wp-json\/wp\/v2\/pages"}],"about":[{"href":"https:\/\/www.officedusaubestre.notaires.fr\/index.php\/wp-json\/wp\/v2\/types\/page"}],"author":[{"embeddable":true,"href":"https:\/\/www.officedusaubestre.notaires.fr\/index.php\/wp-json\/wp\/v2\/users\/1"}],"replies":[{"embeddable":true,"href":"https:\/\/www.officedusaubestre.notaires.fr\/index.php\/wp-json\/wp\/v2\/comments?post=71"}],"version-history":[{"count":3,"href":"https:\/\/www.officedusaubestre.notaires.fr\/index.php\/wp-json\/wp\/v2\/pages\/71\/revisions"}],"predecessor-version":[{"id":103,"href":"https:\/\/www.officedusaubestre.notaires.fr\/index.php\/wp-json\/wp\/v2\/pages\/71\/revisions\/103"}],"wp:attachment":[{"href":"https:\/\/www.officedusaubestre.notaires.fr\/index.php\/wp-json\/wp\/v2\/media?parent=71"}],"curies":[{"name":"wp","href":"https:\/\/api.w.org\/{rel}","templated":true}]}}